{"id":18084,"date":"2023-08-10T06:59:14","date_gmt":"2023-08-10T06:59:14","guid":{"rendered":"https:\/\/sidiario.com\/?page_id=18084"},"modified":"2023-08-10T06:59:14","modified_gmt":"2023-08-10T06:59:14","slug":"verwendung-von-cookies-2","status":"publish","type":"page","link":"https:\/\/sidiario.com\/index.php\/verwendung-von-cookies-2\/","title":{"rendered":"verwendung von cookies"},"content":{"rendered":"<div id=\"primary\" class=\"g1-column g1-column-2of3\">\n<div class=\"entry-content\">\n<p>Verwendung von Cookies<br \/>\nIhre Privatsph\u00e4re<br \/>\nWenn Sie eine Website besuchen, kann diese Informationen \u00fcber Ihren Browser abrufen oder speichern. Dies geschieht meist in Form von Cookies. Hierbei kann es sich um Informationen \u00fcber Sie, Ihre Einstellungen oder Ihr Ger\u00e4t handeln. Meist werden die Informationen verwendet, um die erwartungsgem\u00e4\u00dfe Funktion der Website zu gew\u00e4hrleisten. Durch diese Informationen werden Sie normalerweise nicht direkt identifiziert. Dadurch kann Ihnen aber ein personalisierteres Web-Erlebnis geboten werden. Da wir Ihr Recht auf Datenschutz respektieren, k\u00f6nnen Sie sich entscheiden, bestimmte Arten von Cookies nicht zulassen. Klicken Sie auf die verschiedenen Kategorie\u00fcberschriften, um mehr zu erfahren und unsere Standardeinstellungen zu \u00e4ndern. Die Blockierung bestimmter Arten von Cookies kann jedoch zu einer beeintr\u00e4chtigten Erfahrung mit der von uns zur Verf\u00fcgung gestellten Website und Dienste f\u00fchren.<\/p>\n<\/div>\n<\/div>\n","protected":false},"excerpt":{"rendered":"<p>Verwendung von Cookies Ihre Privatsph\u00e4re Wenn Sie eine Website besuchen, kann diese Informationen \u00fcber Ihren Browser abrufen oder speichern. Dies geschieht meist in Form von Cookies. Hierbei kann es sich um Informationen \u00fcber Sie, Ihre Einstellungen oder Ihr Ger\u00e4t handeln. Meist werden die Informationen verwendet, um die erwartungsgem\u00e4\u00dfe Funktion der Website zu gew\u00e4hrleisten. Durch diese [&hellip;]<\/p>\n","protected":false},"author":2,"featured_media":0,"parent":0,"menu_order":0,"comment_status":"closed","ping_status":"closed","template":"","meta":{"footnotes":""},"class_list":["post-18084","page","type-page","status-publish","hentry"],"_links":{"self":[{"href":"https:\/\/sidiario.com\/index.php\/wp-json\/wp\/v2\/pages\/18084","targetHints":{"allow":["GET"]}}],"collection":[{"href":"https:\/\/sidiario.com\/index.php\/wp-json\/wp\/v2\/pages"}],"about":[{"href":"https:\/\/sidiario.com\/index.php\/wp-json\/wp\/v2\/types\/page"}],"author":[{"embeddable":true,"href":"https:\/\/sidiario.com\/index.php\/wp-json\/wp\/v2\/users\/2"}],"replies":[{"embeddable":true,"href":"https:\/\/sidiario.com\/index.php\/wp-json\/wp\/v2\/comments?post=18084"}],"version-history":[{"count":1,"href":"https:\/\/sidiario.com\/index.php\/wp-json\/wp\/v2\/pages\/18084\/revisions"}],"predecessor-version":[{"id":18085,"href":"https:\/\/sidiario.com\/index.php\/wp-json\/wp\/v2\/pages\/18084\/revisions\/18085"}],"wp:attachment":[{"href":"https:\/\/sidiario.com\/index.php\/wp-json\/wp\/v2\/media?parent=18084"}],"curies":[{"name":"wp","href":"https:\/\/api.w.org\/{rel}","templated":true}]}}